{"id":310,"date":"2018-08-21T20:42:12","date_gmt":"2018-08-21T18:42:12","guid":{"rendered":"http:\/\/www.lukkry.fi\/?page_id=310"},"modified":"2023-03-21T11:35:13","modified_gmt":"2023-03-21T09:35:13","slug":"tottelevaisuus","status":"publish","type":"page","link":"https:\/\/www.lukkry.fi\/?page_id=310","title":{"rendered":"Tottelevaisuus"},"content":{"rendered":"<p>Jokaiseen pk-lajiin (kansalliset lajit sek\u00e4 suojelu) kuuluu tottelevaisuus.<\/p>\n<p>Palveluskoirien tottelevaisuus on kent\u00e4ll\u00e4 tapahtuvaa hallintaa koiran kanssa jossa koirakko suorittaa sarjan erilaisia liikkeit\u00e4. N\u00e4it\u00e4 ovat mm. seuraamista, nouto ja j\u00e4\u00e4vi\u00e4 liikkeit\u00e4. T\u00e4ss\u00e4 osiossa mitataan koiran ohjattavuutta, temperamenttia, vietti- ja ty\u00f6skentelykest\u00e4vyytt\u00e4 sek\u00e4 hermorakennetta. Samaan aikaan kent\u00e4ll\u00e4 suorittaa tottelevaisuutta aina kaksi koirakkoa. Toisen suorittaessa liikkeit\u00e4 on toinen paikallaanmakuussa.<\/p>\n<p>Tottelevaisuutta tai tutummin &#8221;tottista&#8221; voi opettaa jo ihan pienelle pennulle leikin varjolla. Hyv\u00e4n tottiksen rakentaminen valmiiksi koesuoritukseksi vie paljon aikaa ja vaatii paljon ty\u00f6t\u00e4.<\/p>\n<p>Ennen varsinaisia pk-kokeita tulee koiran suorittaa k\u00e4ytt\u00e4ytymiskoe, eli BH. T\u00e4ss\u00e4 kokeessa on suht samoja liikkeit\u00e4 kuin tavallisessakin kokeessa (poislukien noudot, esteet ja eteenl\u00e4hetys), mutta t\u00e4m\u00e4n lis\u00e4ksi kokeeseen kuuluu kaupunkiosuus erilaisin teht\u00e4vin.<\/p>\n","protected":false},"excerpt":{"rendered":"<p>Jokaiseen pk-lajiin (kansalliset lajit sek\u00e4 suojelu) kuuluu tottelevaisuus. Palveluskoirien tottelevaisuus on kent\u00e4ll\u00e4 tapahtuvaa hallintaa koiran kanssa jossa koirakko suorittaa sarjan erilaisia liikkeit\u00e4. N\u00e4it\u00e4 ovat mm. seuraamista, nouto ja j\u00e4\u00e4vi\u00e4 liikkeit\u00e4. T\u00e4ss\u00e4 osiossa mitataan koiran ohjattavuutta, temperamenttia, vietti- ja ty\u00f6skentelykest\u00e4vyytt\u00e4 sek\u00e4 hermorakennetta. Samaan aikaan kent\u00e4ll\u00e4 suorittaa tottelevaisuutta aina kaksi koirakkoa. Toisen suorittaessa liikkeit\u00e4 on toinen paikallaanmakuussa. Tottelevaisuutta tai tutummin &#8221;tottista&#8221; voi opettaa jo ihan pienelle pennulle leikin varjolla. Hyv\u00e4n tottiksen rakentaminen valmiiksi koesuoritukseksi vie paljon aikaa ja vaatii paljon ty\u00f6t\u00e4. Ennen varsinaisia pk-kokeita tulee koiran suorittaa k\u00e4ytt\u00e4ytymiskoe, eli BH. T\u00e4ss\u00e4 kokeessa on suht samoja liikkeit\u00e4 kuin tavallisessakin kokeessa (poislukien noudot, esteet ja eteenl\u00e4hetys), mutta t\u00e4m\u00e4n lis\u00e4ksi kokeeseen kuuluu kaupunkiosuus erilaisin teht\u00e4vin.<\/p>\n","protected":false},"author":1,"featured_media":3382,"parent":0,"menu_order":0,"comment_status":"closed","ping_status":"closed","template":"elementor_theme","meta":{"_mc_calendar":[],"footnotes":""},"class_list":["post-310","page","type-page","status-publish","has-post-thumbnail","hentry"],"_links":{"self":[{"href":"https:\/\/www.lukkry.fi\/index.php?rest_route=\/wp\/v2\/pages\/310","targetHints":{"allow":["GET"]}}],"collection":[{"href":"https:\/\/www.lukkry.fi\/index.php?rest_route=\/wp\/v2\/pages"}],"about":[{"href":"https:\/\/www.lukkry.fi\/index.php?rest_route=\/wp\/v2\/types\/page"}],"author":[{"embeddable":true,"href":"https:\/\/www.lukkry.fi\/index.php?rest_route=\/wp\/v2\/users\/1"}],"replies":[{"embeddable":true,"href":"https:\/\/www.lukkry.fi\/index.php?rest_route=%2Fwp%2Fv2%2Fcomments&post=310"}],"version-history":[{"count":9,"href":"https:\/\/www.lukkry.fi\/index.php?rest_route=\/wp\/v2\/pages\/310\/revisions"}],"predecessor-version":[{"id":4743,"href":"https:\/\/www.lukkry.fi\/index.php?rest_route=\/wp\/v2\/pages\/310\/revisions\/4743"}],"wp:featuredmedia":[{"embeddable":true,"href":"https:\/\/www.lukkry.fi\/index.php?rest_route=\/wp\/v2\/media\/3382"}],"wp:attachment":[{"href":"https:\/\/www.lukkry.fi\/index.php?rest_route=%2Fwp%2Fv2%2Fmedia&parent=310"}],"curies":[{"name":"wp","href":"https:\/\/api.w.org\/{rel}","templated":true}]}}